{"id":26,"date":"2022-08-29T19:23:31","date_gmt":"2022-08-29T19:23:31","guid":{"rendered":"https:\/\/www.taborinternational.it\/?page_id=26"},"modified":"2022-08-30T09:36:11","modified_gmt":"2022-08-30T09:36:11","slug":"la-storia","status":"publish","type":"page","link":"https:\/\/www.taborinternational.it\/?page_id=26","title":{"rendered":"La Storia"},"content":{"rendered":"\t\t<div data-elementor-type=\"wp-page\" data-elementor-id=\"26\" class=\"elementor elementor-26\">\n\t\t\t\t\t\t<section class=\"elementor-section elementor-top-section elementor-element elementor-element-d778c37 elementor-section-boxed elementor-section-height-default elementor-section-height-default\" data-id=\"d778c37\" data-element_type=\"section\" data-e-type=\"section\">\n\t\t\t\t\t\t<div class=\"elementor-container elementor-column-gap-default\">\n\t\t\t\t\t<div class=\"elementor-column elementor-col-100 elementor-top-column elementor-element elementor-element-cc48f8a\" data-id=\"cc48f8a\" data-element_type=\"column\" data-e-type=\"column\">\n\t\t\t<div class=\"elementor-widget-wrap elementor-element-populated\">\n\t\t\t\t\t\t<div class=\"elementor-element elementor-element-1c04881 elementor-drop-cap-yes elementor-drop-cap-view-default elementor-widget elementor-widget-text-editor\" data-id=\"1c04881\" data-element_type=\"widget\" data-e-type=\"widget\" data-settings=\"{&quot;drop_cap&quot;:&quot;yes&quot;}\" data-widget_type=\"text-editor.default\">\n\t\t\t\t<div class=\"elementor-widget-container\">\n\t\t\t\t\t\t\t\t\tNasce nel secolo scorso, nell\u2019ormai lontano 1957, ma continua ad operare senza interruzione con la volont\u00e0\u2019 e la costanza di cui sono capaci tutti gli uomini che sanno dare corpo al fondamentale concetto di socialit\u00e0\u2019 che siamo soliti chiamare \u201cbuona volont\u00e0\u201d.\u00a0A fondare l\u2019Associazione \u00e8 il coraggio di una giovane suora, Ornella Chiara Brocchi. La sua \u201cavventura\u201d comincia quando, all\u2019inizio della seconda guerra il padre trasferisce la famiglia da Frascati a Sarajevo, dove realizza probabilmente l\u2019unico cinema della citt\u00e0\u2019. Sono poi i massacri delle Foibe a suggerire il rimpatrio.\u00a0A casa, la giovane prende i voti ( Clarisse ). Inviata dall\u2019ordine in America nello stato di New York, rimane colpita da emarginazione ed abbandono di cui sono oggetto le donne separate, le ragazze madri , le sedotte ed abbandonate. Assieme ad altre persone fonda dunque, nel 1957, il Tabor Inc, ente morale, attivo in aiuto alla figura femminile. Rientrata nuovamente in Italia, Suor Ornella lavora per creare sedi in ogni paese. Ma di li\u2019 a poco i movimenti femministi, i radicali movimenti del costume, tolgono interesse a qualcosa che lei rifiuta di aggiornare ai tempi. Oggi, a dispetto degli anni trascorsi e dopo la scomparsa di Suor Ornella avvenuta nel 1995, il testimone del suo operato non \u00e8 andato perduto e coloro a cui \u00e8 stato affidato continuano, con la loro quotidiana opera di carit\u00e0\u2019 cristiana e morale civilt\u00e0\u2019, sulla strada segnata dalla fondatrice. La Tabor sostiene gli ambiti strettamente\u00a0connessi al disagio sociale, spesso unito in un tragico connubio, con la malattia e con i problemi dell\u2019infanzia. I Luoghi di intervento sono le \u201cstrutture di accoglienza\u201d, i poveri e gli ospedali.\u00a0La Tabor svolge un\u2019azione di supporto morale e soprattutto pratico a tutti i disagi e al dolore dell\u2019emarginazione e della malattia.\u00a0L\u2019offerta di conforto, di luoghi di ricovero, di generi di prima necessit\u00e0, di pace e divertimento, sono solamente alcune delle quotidiane azioni che riempiono la vita di tutti coloro che partecipano alle attivit\u00e0\u2019 della Tabor. Idea guida, lo ripetiamo, \u00e8 la \u201cbuona volont\u00e0\u201d che rifugge le chiacchiere e predilige i fatti concreti.\u00a0La Tabor si propone come luogo deputato ove offrire proposte e brani di vita ad aiuto e conforto di tutti coloro che di \u201canche semplicemente vita\u201d hanno disperato bisogno.\u00a0La Tabor propone iniziative solidali e concrete.\n\nPietro (Presidente)\t\t\t\t\t\t\t\t<\/div>\n\t\t\t\t<\/div>\n\t\t\t\t\t<\/div>\n\t\t<\/div>\n\t\t\t\t\t<\/div>\n\t\t<\/section>\n\t\t\t\t<section class=\"elementor-section elementor-top-section elementor-element elementor-element-cb91d71 elementor-section-boxed elementor-section-height-default elementor-section-height-default\" data-id=\"cb91d71\" data-element_type=\"section\" data-e-type=\"section\">\n\t\t\t\t\t\t<div class=\"elementor-container elementor-column-gap-default\">\n\t\t\t\t\t<div class=\"elementor-column elementor-col-100 elementor-top-column elementor-element elementor-element-5bf4d7b\" data-id=\"5bf4d7b\" data-element_type=\"column\" data-e-type=\"column\">\n\t\t\t<div class=\"elementor-widget-wrap elementor-element-populated\">\n\t\t\t\t\t\t<div class=\"elementor-element elementor-element-5c73aeb elementor-invisible elementor-widget elementor-widget-image\" data-id=\"5c73aeb\" data-element_type=\"widget\" data-e-type=\"widget\" data-settings=\"{&quot;_animation&quot;:&quot;fadeInDown&quot;}\" data-widget_type=\"image.default\">\n\t\t\t\t<div class=\"elementor-widget-container\">\n\t\t\t\t\t\t\t\t\t\t\t\t\t\t\t<img decoding=\"async\" width=\"300\" height=\"131\" src=\"https:\/\/www.taborinternational.it\/wp-content\/uploads\/2022\/08\/02_tabor_header703x308-300x131-1.jpg\" class=\"attachment-large size-large wp-image-1170\" alt=\"\" \/>\t\t\t\t\t\t\t\t\t\t\t\t\t\t\t<\/div>\n\t\t\t\t<\/div>\n\t\t\t\t\t<\/div>\n\t\t<\/div>\n\t\t\t\t\t<\/div>\n\t\t<\/section>\n\t\t\t\t<\/div>\n\t\t","protected":false},"excerpt":{"rendered":"<p>Nasce nel secolo scorso, nell\u2019ormai lontano 1957, ma continua ad operare senza interruzione con la volont\u00e0\u2019 e la costanza di cui sono capaci tutti gli uomini che sanno dare corpo al fondamentale concetto di socialit\u00e0\u2019 che siamo soliti chiamare \u201cbuona volont\u00e0\u201d.\u00a0A fondare l\u2019Associazione \u00e8 il coraggio di una giovane suora, Ornella Chiara Brocchi. La sua [&hellip;]<\/p>\n","protected":false},"author":1,"featured_media":0,"parent":0,"menu_order":0,"comment_status":"closed","ping_status":"closed","template":"","meta":{"site-sidebar-layout":"no-sidebar","site-content-layout":"page-builder","ast-site-content-layout":"default","site-content-style":"default","site-sidebar-style":"default","ast-global-header-display":"","ast-banner-title-visibility":"","ast-main-header-display":"","ast-hfb-above-header-display":"","ast-hfb-below-header-display":"","ast-hfb-mobile-header-display":"","site-post-title":"disabled","ast-breadcrumbs-content":"","ast-featured-img":"disabled","footer-sml-layout":"","ast-disable-related-posts":"","theme-transparent-header-meta":"","adv-header-id-meta":"","stick-header-meta":"","header-above-stick-meta":"","header-main-stick-meta":"","header-below-stick-meta":"","astra-migrate-meta-layouts":"default","ast-page-background-enabled":"default","ast-page-background-meta":{"desktop":{"background-color":"var(--ast-global-color-4)","background-image":"","background-repeat":"repeat","background-position":"center center","background-size":"auto","background-attachment":"scroll","background-type":"","background-media":"","overlay-type":"","overlay-color":"","overlay-opacity":"","overlay-gradient":""},"tablet":{"background-color":"","background-image":"","background-repeat":"repeat","background-position":"center center","background-size":"auto","background-attachment":"scroll","background-type":"","background-media":"","overlay-type":"","overlay-color":"","overlay-opacity":"","overlay-gradient":""},"mobile":{"background-color":"","background-image":"","background-repeat":"repeat","background-position":"center center","background-size":"auto","background-attachment":"scroll","background-type":"","background-media":"","overlay-type":"","overlay-color":"","overlay-opacity":"","overlay-gradient":""}},"ast-content-background-meta":{"desktop":{"background-color":"var(--ast-global-color-5)","background-image":"","background-repeat":"repeat","background-position":"center center","background-size":"auto","background-attachment":"scroll","background-type":"","background-media":"","overlay-type":"","overlay-color":"","overlay-opacity":"","overlay-gradient":""},"tablet":{"background-color":"var(--ast-global-color-5)","background-image":"","background-repeat":"repeat","background-position":"center center","background-size":"auto","background-attachment":"scroll","background-type":"","background-media":"","overlay-type":"","overlay-color":"","overlay-opacity":"","overlay-gradient":""},"mobile":{"background-color":"var(--ast-global-color-5)","background-image":"","background-repeat":"repeat","background-position":"center center","background-size":"auto","background-attachment":"scroll","background-type":"","background-media":"","overlay-type":"","overlay-color":"","overlay-opacity":"","overlay-gradient":""}},"footnotes":""},"class_list":["post-26","page","type-page","status-publish","hentry"],"_links":{"self":[{"href":"https:\/\/www.taborinternational.it\/index.php?rest_route=\/wp\/v2\/pages\/26","targetHints":{"allow":["GET"]}}],"collection":[{"href":"https:\/\/www.taborinternational.it\/index.php?rest_route=\/wp\/v2\/pages"}],"about":[{"href":"https:\/\/www.taborinternational.it\/index.php?rest_route=\/wp\/v2\/types\/page"}],"author":[{"embeddable":true,"href":"https:\/\/www.taborinternational.it\/index.php?rest_route=\/wp\/v2\/users\/1"}],"replies":[{"embeddable":true,"href":"https:\/\/www.taborinternational.it\/index.php?rest_route=%2Fwp%2Fv2%2Fcomments&post=26"}],"version-history":[{"count":29,"href":"https:\/\/www.taborinternational.it\/index.php?rest_route=\/wp\/v2\/pages\/26\/revisions"}],"predecessor-version":[{"id":1200,"href":"https:\/\/www.taborinternational.it\/index.php?rest_route=\/wp\/v2\/pages\/26\/revisions\/1200"}],"wp:attachment":[{"href":"https:\/\/www.taborinternational.it\/index.php?rest_route=%2Fwp%2Fv2%2Fmedia&parent=26"}],"curies":[{"name":"wp","href":"https:\/\/api.w.org\/{rel}","templated":true}]}}